{"id":5201,"date":"2025-11-28T15:49:41","date_gmt":"2025-11-28T15:49:41","guid":{"rendered":"https:\/\/www.hotellemorillon.com\/services-2\/"},"modified":"2026-01-12T16:17:24","modified_gmt":"2026-01-12T16:17:24","slug":"services-2","status":"publish","type":"page","link":"https:\/\/www.hotellemorillon.com\/en\/services-2\/","title":{"rendered":"Services"},"content":{"rendered":"<div class=\"wpb-content-wrapper\"><p>[vc_row css=&#8221;.vc_custom_1749115314314{background-color: #AB7A61 !important;}&#8221;][vc_column]<div class=\"wrappedcontent\">[vc_column_text css=&#8221;.vc_custom_1768233818790{padding-top: 30px !important;}&#8221;]<\/p>\n<h1 style=\"text-align: center\"><span style=\"font-size: 36pt;color: #ffffff\">SERVICES<\/span><\/h1>\n<p>[\/vc_column_text]<\/div>[\/vc_column][\/vc_row][vc_row][vc_column]<div class=\"wrappedcontent\">[vc_column_text css=&#8221;&#8221;]<\/p>\n<h1 style=\"text-align: center\"><span style=\"color: #ab7a61\"><span style=\"font-size: 24pt\">Enjoy all our services for a truly relaxing break<\/span><\/span><\/h1>\n<p>[\/vc_column_text][vc_empty_space][vc_row_inner equal_height=&#8221;yes&#8221; gap=&#8221;20&#8243; css=&#8221;.vc_custom_1764344678465{background-position: center !important;background-repeat: no-repeat !important;background-size: cover !important;}&#8221;][vc_column_inner width=&#8221;1\/3&#8243; css=&#8221;.vc_custom_1767695934833{background-color: #AB7A61 !important;}&#8221;][vc_icon icon_fontawesome=&#8221;fa fa-solid fa-lock&#8221; color=&#8221;custom&#8221; size=&#8221;lg&#8221; align=&#8221;center&#8221; css=&#8221;.vc_custom_1764344756725{padding-top: 15px !important;}&#8221; custom_color=&#8221;#FFFFFF&#8221;][vc_column_text css=&#8221;.vc_custom_1768233982492{padding-right: 15px !important;padding-bottom: 15px !important;padding-left: 15px !important;}&#8221;]<\/p>\n<h3 style=\"text-align: center\"><span style=\"color: #ffffff\">Ski storage room\u00a0<\/span><\/h3>\n<p style=\"text-align: center\"><span style=\"color: #ffffff\">Ski room available. Everything you need to prepare for your days on the slopes.\u00a0<\/span><\/p>\n<p>[\/vc_column_text][\/vc_column_inner][vc_column_inner width=&#8221;1\/3&#8243; css=&#8221;.vc_custom_1764344689603{background-color: #AB7A61 !important;}&#8221;][vc_icon icon_fontawesome=&#8221;fa fa-solid fa-person-skiing-nordic&#8221; color=&#8221;custom&#8221; size=&#8221;lg&#8221; align=&#8221;center&#8221; css=&#8221;.vc_custom_1764344762738{padding-top: 15px !important;}&#8221; custom_color=&#8221;#FFFFFF&#8221;][vc_column_text css=&#8221;.vc_custom_1768234042498{padding-right: 15px !important;padding-bottom: 15px !important;padding-left: 15px !important;}&#8221;]<\/p>\n<h3 style=\"text-align: center\"><span style=\"color: #ffffff\">Direct access to the slopes<\/span><\/h3>\n<p style=\"text-align: center\"><span style=\"color: #ffffff\">Quick access to the Grand Massif ski area.\u00a0<\/span><\/p>\n<p>[\/vc_column_text][\/vc_column_inner][vc_column_inner width=&#8221;1\/3&#8243; css=&#8221;.vc_custom_1764344696177{background-color: #AB7A61 !important;}&#8221;][vc_icon icon_fontawesome=&#8221;fa fa-solid fa-person-skiing&#8221; color=&#8221;custom&#8221; size=&#8221;lg&#8221; align=&#8221;center&#8221; css=&#8221;.vc_custom_1764344770890{padding-top: 15px !important;}&#8221; custom_color=&#8221;#FFFFFF&#8221;][vc_column_text css=&#8221;.vc_custom_1768234100893{padding-right: 15px !important;padding-bottom: 15px !important;padding-left: 15px !important;}&#8221;]<\/p>\n<h3 style=\"text-align: center\"><span style=\"color: #ffffff\">Cable Cars\u00a0<\/span><\/h3>\n<p style=\"text-align: center\"><span style=\"color: #ffffff\">Cable car \u00e0 200m away.<\/span><\/p>\n<p>[\/vc_column_text][\/vc_column_inner][\/vc_row_inner][vc_row_inner equal_height=&#8221;yes&#8221; gap=&#8221;20&#8243; css=&#8221;.vc_custom_1764344678465{background-position: center !important;background-repeat: no-repeat !important;background-size: cover !important;}&#8221;][vc_column_inner][\/vc_column_inner][\/vc_row_inner][vc_column_text css=&#8221;&#8221;]<span style=\"font-size: 18pt;color: #ab7a61\"><strong>Our wellness and relaxation areas<\/strong><\/span>[\/vc_column_text][vc_row_inner gap=&#8221;20&#8243;][vc_column_inner width=&#8221;1\/4&#8243;][vc_empty_space][vc_single_image image=&#8221;4467&#8243; img_size=&#8221;500*300&#8243; alignment=&#8221;center&#8221; css=&#8221;&#8221;][vc_column_text css=&#8221;.vc_custom_1768234154534{padding-top: 15px !important;padding-right: 15px !important;padding-bottom: 15px !important;padding-left: 15px !important;}&#8221;]<\/p>\n<h3 style=\"text-align: center\"><span style=\"color: #ab7a61\">Swimming pool<\/span><\/h3>\n<p>[\/vc_column_text][\/vc_column_inner][vc_column_inner width=&#8221;1\/4&#8243;][vc_empty_space][vc_single_image image=&#8221;4459&#8243; img_size=&#8221;500*300&#8243; alignment=&#8221;center&#8221; css=&#8221;&#8221;][vc_column_text css=&#8221;.vc_custom_1764346686129{padding-top: 15px !important;padding-right: 15px !important;padding-bottom: 15px !important;padding-left: 15px !important;}&#8221;]<\/p>\n<h3 style=\"text-align: center\"><span style=\"color: #ab7a61\">Spa<\/span><\/h3>\n<p>[\/vc_column_text][\/vc_column_inner][vc_column_inner width=&#8221;1\/4&#8243;][vc_empty_space][vc_single_image image=&#8221;4457&#8243; img_size=&#8221;500*300&#8243; alignment=&#8221;center&#8221; css=&#8221;&#8221;][vc_column_text css=&#8221;.vc_custom_1764346693347{padding-top: 15px !important;padding-right: 15px !important;padding-bottom: 15px !important;padding-left: 15px !important;}&#8221;]<\/p>\n<h3 style=\"text-align: center\"><span style=\"color: #ab7a61\">Sport<\/span><\/h3>\n<p>[\/vc_column_text][\/vc_column_inner][vc_column_inner width=&#8221;1\/4&#8243;][vc_empty_space][vc_single_image image=&#8221;4439&#8243; img_size=&#8221;500*300&#8243; alignment=&#8221;center&#8221; css=&#8221;&#8221;][vc_column_text css=&#8221;.vc_custom_1764346700779{padding-top: 15px !important;padding-right: 15px !important;padding-bottom: 15px !important;padding-left: 15px !important;}&#8221;]<\/p>\n<h3 style=\"text-align: center\"><span style=\"color: #ab7a61\">Massages<\/span><\/h3>\n<p>[\/vc_column_text][\/vc_column_inner][\/vc_row_inner][vc_empty_space][vc_row_inner equal_height=&#8221;yes&#8221; gap=&#8221;20&#8243; css=&#8221;.vc_custom_1764344678465{background-position: center !important;background-repeat: no-repeat !important;background-size: cover !important;}&#8221;][vc_column_inner][vc_column_text css=&#8221;&#8221;]<span style=\"font-size: 18pt;color: #ab7a61\"><strong>Our spaces and catering services<\/strong><\/span>[\/vc_column_text][vc_empty_space][\/vc_column_inner][\/vc_row_inner][vc_row_inner equal_height=&#8221;yes&#8221; gap=&#8221;20&#8243; css=&#8221;.vc_custom_1767696445063{background-position: center !important;background-repeat: no-repeat !important;background-size: cover !important;}&#8221;][vc_column_inner width=&#8221;1\/3&#8243;][vc_empty_space][vc_single_image image=&#8221;5038&#8243; img_size=&#8221;500*300&#8243; alignment=&#8221;center&#8221; css=&#8221;&#8221;][vc_column_text css=&#8221;.vc_custom_1768234259951{padding-top: 15px !important;padding-right: 15px !important;padding-bottom: 15px !important;padding-left: 15px !important;}&#8221;]<\/p>\n<h3 style=\"text-align: center\"><span style=\"color: #ab7a61\">Half board includes breakfast and lunch<\/span><\/h3>\n<p>[\/vc_column_text][\/vc_column_inner][vc_column_inner width=&#8221;1\/3&#8243;][vc_empty_space][vc_single_image image=&#8221;5053&#8243; img_size=&#8221;500*300&#8243; alignment=&#8221;center&#8221; css=&#8221;&#8221;][vc_column_text css=&#8221;.vc_custom_1768234277087{padding-top: 15px !important;padding-right: 15px !important;padding-bottom: 15px !important;padding-left: 15px !important;}&#8221;]<\/p>\n<h3 style=\"text-align: center\"><span style=\"color: #ab7a61\">Caf\u00e9-Restaurant and its fireplace<\/span><\/h3>\n<p>[\/vc_column_text][\/vc_column_inner][vc_column_inner width=&#8221;1\/3&#8243;][vc_empty_space][vc_single_image image=&#8221;5105&#8243; img_size=&#8221;500*300&#8243; alignment=&#8221;center&#8221; css=&#8221;&#8221;][vc_column_text css=&#8221;.vc_custom_1768234297468{padding-top: 15px !important;padding-right: 15px !important;padding-bottom: 15px !important;padding-left: 15px !important;}&#8221;]<\/p>\n<h3 style=\"text-align: center\"><span style=\"color: #ab7a61\">Terrace<\/span><\/h3>\n<p>[\/vc_column_text][\/vc_column_inner][\/vc_row_inner][vc_row_inner equal_height=&#8221;yes&#8221; gap=&#8221;20&#8243; css=&#8221;.vc_custom_1764344678465{background-position: center !important;background-repeat: no-repeat !important;background-size: cover !important;}&#8221;][vc_column_inner][vc_column_text css=&#8221;&#8221;]<span style=\"font-size: 18pt;color: #ab7a61\"><strong>For entertainment\u00a0<\/strong><\/span>[\/vc_column_text][vc_empty_space][vc_column_text css=&#8221;&#8221;]We provide a welcoming space and a modern games room equipped with sofas, a television, table football and board games.[\/vc_column_text][\/vc_column_inner][\/vc_row_inner][vc_row_inner equal_height=&#8221;yes&#8221; gap=&#8221;20&#8243; css=&#8221;.vc_custom_1764344678465{background-position: center !important;background-repeat: no-repeat !important;background-size: cover !important;}&#8221;][vc_column_inner width=&#8221;1\/3&#8243;][vc_empty_space][vc_single_image image=&#8221;4954&#8243; img_size=&#8221;500*300&#8243; alignment=&#8221;center&#8221; css=&#8221;&#8221;][vc_column_text css=&#8221;.vc_custom_1768234365329{padding-top: 15px !important;padding-right: 15px !important;padding-bottom: 15px !important;padding-left: 15px !important;}&#8221;]<\/p>\n<h3 style=\"text-align: center\"><span style=\"color: #ab7a61\">Board Games\u00a0<\/span><\/h3>\n<p>[\/vc_column_text][\/vc_column_inner][vc_column_inner width=&#8221;1\/3&#8243;][vc_empty_space][vc_single_image image=&#8221;5103&#8243; img_size=&#8221;500*300&#8243; alignment=&#8221;center&#8221; css=&#8221;&#8221;][vc_column_text css=&#8221;.vc_custom_1764345481030{padding-top: 15px !important;padding-right: 15px !important;padding-bottom: 15px !important;padding-left: 15px !important;}&#8221;]<\/p>\n<h3 style=\"text-align: center\"><span style=\"color: #ab7a61\">Baby-foot<\/span><\/h3>\n<p>[\/vc_column_text][\/vc_column_inner][vc_column_inner width=&#8221;1\/3&#8243;][vc_empty_space][vc_single_image image=&#8221;5099&#8243; img_size=&#8221;500*300&#8243; alignment=&#8221;center&#8221; css=&#8221;&#8221;][vc_column_text css=&#8221;.vc_custom_1768234371078{padding-top: 15px !important;padding-right: 15px !important;padding-bottom: 15px !important;padding-left: 15px !important;}&#8221;]<\/p>\n<h3 style=\"text-align: center\"><span style=\"color: #ab7a61\">Books<\/span><\/h3>\n<p>[\/vc_column_text][\/vc_column_inner][\/vc_row_inner][vc_empty_space][vc_column_text css=&#8221;&#8221;]<span style=\"font-size: 18pt;color: #ab7a61\"><strong>For a comfortable and hassle-free stay\u00a0<\/strong><\/span>[\/vc_column_text][vc_empty_space][vc_row_inner equal_height=&#8221;yes&#8221;][vc_column_inner width=&#8221;1\/5&#8243; css=&#8221;.vc_custom_1767696009337{background-color: #FFFEFE !important;}&#8221;][vc_empty_space][vc_icon icon_fontawesome=&#8221;fa fa-solid fa-square-parking&#8221; color=&#8221;custom&#8221; size=&#8221;lg&#8221; align=&#8221;center&#8221; css=&#8221;&#8221; custom_color=&#8221;#AB7A61&#8243;][vc_column_text css=&#8221;.vc_custom_1768234420407{padding-top: 15px !important;padding-right: 15px !important;padding-bottom: 15px !important;padding-left: 15px !important;}&#8221;]<\/p>\n<h3 style=\"text-align: center\"><span style=\"color: #ab7a61\">Free Parking\u00a0<\/span><\/h3>\n<p>[\/vc_column_text][\/vc_column_inner][vc_column_inner width=&#8221;1\/5&#8243; css=&#8221;.vc_custom_1767696997993{background-color: #FFFFFF !important;}&#8221;][vc_empty_space][vc_icon icon_fontawesome=&#8221;fa fa-solid fa-wifi&#8221; color=&#8221;custom&#8221; size=&#8221;lg&#8221; align=&#8221;center&#8221; css=&#8221;&#8221; custom_color=&#8221;#AB7A61&#8243;][vc_column_text css=&#8221;.vc_custom_1768234433089{padding-top: 15px !important;padding-right: 15px !important;padding-bottom: 15px !important;padding-left: 15px !important;}&#8221;]<\/p>\n<h3 style=\"text-align: center\"><span style=\"color: #ab7a61\">Free Wi-Fi<\/span><\/h3>\n<p>[\/vc_column_text][\/vc_column_inner][vc_column_inner width=&#8221;1\/5&#8243; css=&#8221;.vc_custom_1767697008836{background-color: #FFFFFF !important;}&#8221;][vc_empty_space][vc_icon icon_fontawesome=&#8221;fa fa-solid fa-bell&#8221; color=&#8221;custom&#8221; size=&#8221;lg&#8221; align=&#8221;center&#8221; css=&#8221;&#8221; custom_color=&#8221;#AB7A61&#8243;][vc_column_text css=&#8221;.vc_custom_1767696710784{padding-top: 15px !important;padding-right: 15px !important;padding-bottom: 15px !important;padding-left: 15px !important;}&#8221;]<\/p>\n<h3 style=\"text-align: center\"><span style=\"color: #ab7a61\">Late Check-out &amp; Early Check-in<\/span><\/h3>\n<p>[\/vc_column_text][\/vc_column_inner][vc_column_inner width=&#8221;1\/5&#8243; css=&#8221;.vc_custom_1767697015532{background-color: #FFFFFF !important;}&#8221;][vc_empty_space][vc_icon icon_fontawesome=&#8221;fa fa-solid fa-person-walking-luggage&#8221; color=&#8221;custom&#8221; size=&#8221;lg&#8221; align=&#8221;center&#8221; css=&#8221;&#8221; custom_color=&#8221;#AB7A61&#8243;][vc_column_text css=&#8221;.vc_custom_1768234456568{padding-top: 15px !important;padding-right: 15px !important;padding-bottom: 15px !important;padding-left: 15px !important;}&#8221;]<\/p>\n<h3 style=\"text-align: center\"><span style=\"color: #ab7a61\">Luggage Storage\u00a0<\/span><\/h3>\n<p>[\/vc_column_text][\/vc_column_inner][vc_column_inner width=&#8221;1\/5&#8243;][vc_empty_space][vc_icon icon_fontawesome=&#8221;fa fa-solid fa-hotel&#8221; color=&#8221;custom&#8221; size=&#8221;lg&#8221; align=&#8221;center&#8221; css=&#8221;&#8221; custom_color=&#8221;#AB7A61&#8243;][vc_column_text css=&#8221;.vc_custom_1768234479259{padding-top: 15px !important;padding-right: 15px !important;padding-bottom: 15px !important;padding-left: 15px !important;}&#8221;]<\/p>\n<h3 style=\"text-align: center\"><span style=\"color: #ab7a61\">Free Travel Cot<\/span><\/h3>\n<p>[\/vc_column_text][\/vc_column_inner][\/vc_row_inner]<\/div>[\/vc_column][\/vc_row][vc_row css=&#8221;.vc_custom_1762253893502{background-image: url(https:\/\/www.hotellemorillon.com\/uploads\/sites\/58\/2025\/11\/plaine__016316800_2118_04042013-e1762253871225.jpg?id=4686) !important;background-position: center !important;background-repeat: no-repeat !important;background-size: cover !important;}&#8221;][vc_column][vc_empty_space]<div class=\"text-center btnwrap\"><a class=\"btn btn-huttopia-cta\" href=\"https:\/\/www.hotellemorillon.com\/en\/gallery\/\" role=\"button\" target=\"\" onclick=\"dataLayer.push({'event':'clickCity', 'clickText':'Explore the gallery '})\">Explore the gallery <\/a><\/div>[vc_empty_space][vc_empty_space][\/vc_column][\/vc_row]<\/p>\n<\/div>","protected":false},"excerpt":{"rendered":"<p>[vc_row css=&#8221;.vc_custom_1749115314314{background-color: #AB7A61 !important;}&#8221;][vc_column][\/vc_column][\/vc_row][vc_row][vc_column][\/vc_column][\/vc_row][vc_row css=&#8221;.vc_custom_1762253893502{background-image: url(https:\/\/www.hotellemorillon.com\/uploads\/sites\/58\/2025\/11\/plaine__016316800_2118_04042013-e1762253871225.jpg?id=4686) !important;background-position: center !important;background-repeat: no-repeat !important;background-size: cover !important;}&#8221;][vc_column][vc_empty_space][vc_empty_space][vc_empty_space][\/vc_column][\/vc_row]<\/p>\n","protected":false},"author":50,"featured_media":0,"parent":0,"menu_order":0,"comment_status":"closed","ping_status":"closed","template":"","meta":{"footnotes":""},"class_list":["post-5201","page","type-page","status-publish","hentry"],"yoast_head":"<!-- This site is optimized with the Yoast SEO plugin v25.6 - https:\/\/yoast.com\/wordpress\/plugins\/seo\/ -->\n<title>Bistrot-Savoyard \u00e0 Morillon | Caf\u00e9-H\u00f4tel Le Morillon, Alpes<\/title>\n<meta name=\"description\" content=\"\u00c0 deux pas de l&#039;h\u00f4tel, vous trouverez des restaurants qui vous proposent diff\u00e9rents types de cuisine, sur place ou \u00e0 emporter. D\u00e9couvrez le nouveau caf\u00e9-restaurant de l\u2019H\u00f4tel Le Morillon : lieu vivant du matin au soir, nouvelle terrasse, bar convivial, cuisine maison d&#039;inspiration bouillon et de tradition savoyarde.\" \/>\n<meta name=\"robots\" content=\"index, follow, max-snippet:-1, max-image-preview:large, max-video-preview:-1\" \/>\n<link rel=\"canonical\" href=\"https:\/\/www.hotellemorillon.com\/en\/services-2\/\" \/>\n<meta property=\"og:locale\" content=\"en_US\" \/>\n<meta property=\"og:type\" content=\"article\" \/>\n<meta property=\"og:title\" content=\"Bistrot-Savoyard \u00e0 Morillon | Caf\u00e9-H\u00f4tel Le Morillon, Alpes\" \/>\n<meta property=\"og:description\" content=\"\u00c0 deux pas de l&#039;h\u00f4tel, vous trouverez des restaurants qui vous proposent diff\u00e9rents types de cuisine, sur place ou \u00e0 emporter. D\u00e9couvrez le nouveau caf\u00e9-restaurant de l\u2019H\u00f4tel Le Morillon : lieu vivant du matin au soir, nouvelle terrasse, bar convivial, cuisine maison d&#039;inspiration bouillon et de tradition savoyarde.\" \/>\n<meta property=\"og:url\" content=\"https:\/\/www.hotellemorillon.com\/en\/services-2\/\" \/>\n<meta property=\"og:site_name\" content=\"Caf\u00e9-H\u00f4tel Le Morillon\" \/>\n<meta property=\"article:modified_time\" content=\"2026-01-12T16:17:24+00:00\" \/>\n<meta name=\"twitter:card\" content=\"summary_large_image\" \/>\n<meta name=\"twitter:label1\" content=\"Est. reading time\" \/>\n\t<meta name=\"twitter:data1\" content=\"5 minutes\" \/>\n<script type=\"application\/ld+json\" class=\"yoast-schema-graph\">{\"@context\":\"https:\/\/schema.org\",\"@graph\":[{\"@type\":\"WebPage\",\"@id\":\"https:\/\/www.hotellemorillon.com\/en\/services-2\/\",\"url\":\"https:\/\/www.hotellemorillon.com\/en\/services-2\/\",\"name\":\"Bistrot-Savoyard \u00e0 Morillon | Caf\u00e9-H\u00f4tel Le Morillon, Alpes\",\"isPartOf\":{\"@id\":\"https:\/\/www.hotellemorillon.com\/en\/#website\"},\"datePublished\":\"2025-11-28T15:49:41+00:00\",\"dateModified\":\"2026-01-12T16:17:24+00:00\",\"description\":\"\u00c0 deux pas de l'h\u00f4tel, vous trouverez des restaurants qui vous proposent diff\u00e9rents types de cuisine, sur place ou \u00e0 emporter. D\u00e9couvrez le nouveau caf\u00e9-restaurant de l\u2019H\u00f4tel Le Morillon : lieu vivant du matin au soir, nouvelle terrasse, bar convivial, cuisine maison d'inspiration bouillon et de tradition savoyarde.\",\"breadcrumb\":{\"@id\":\"https:\/\/www.hotellemorillon.com\/en\/services-2\/#breadcrumb\"},\"inLanguage\":\"en-US\",\"potentialAction\":[{\"@type\":\"ReadAction\",\"target\":[\"https:\/\/www.hotellemorillon.com\/en\/services-2\/\"]}]},{\"@type\":\"BreadcrumbList\",\"@id\":\"https:\/\/www.hotellemorillon.com\/en\/services-2\/#breadcrumb\",\"itemListElement\":[{\"@type\":\"ListItem\",\"position\":1,\"name\":\"Home\",\"item\":\"https:\/\/www.hotellemorillon.com\/en\/\"},{\"@type\":\"ListItem\",\"position\":2,\"name\":\"Services\"}]},{\"@type\":\"WebSite\",\"@id\":\"https:\/\/www.hotellemorillon.com\/en\/#website\",\"url\":\"https:\/\/www.hotellemorillon.com\/en\/\",\"name\":\"Caf\u00e9-H\u00f4tel Le Morillon\",\"description\":\"\",\"potentialAction\":[{\"@type\":\"SearchAction\",\"target\":{\"@type\":\"EntryPoint\",\"urlTemplate\":\"https:\/\/www.hotellemorillon.com\/en\/?s={search_term_string}\"},\"query-input\":{\"@type\":\"PropertyValueSpecification\",\"valueRequired\":true,\"valueName\":\"search_term_string\"}}],\"inLanguage\":\"en-US\"}]}<\/script>\n<!-- \/ Yoast SEO plugin. -->","yoast_head_json":{"title":"Bistrot-Savoyard \u00e0 Morillon | Caf\u00e9-H\u00f4tel Le Morillon, Alpes","description":"\u00c0 deux pas de l'h\u00f4tel, vous trouverez des restaurants qui vous proposent diff\u00e9rents types de cuisine, sur place ou \u00e0 emporter. D\u00e9couvrez le nouveau caf\u00e9-restaurant de l\u2019H\u00f4tel Le Morillon : lieu vivant du matin au soir, nouvelle terrasse, bar convivial, cuisine maison d'inspiration bouillon et de tradition savoyarde.","robots":{"index":"index","follow":"follow","max-snippet":"max-snippet:-1","max-image-preview":"max-image-preview:large","max-video-preview":"max-video-preview:-1"},"canonical":"https:\/\/www.hotellemorillon.com\/en\/services-2\/","og_locale":"en_US","og_type":"article","og_title":"Bistrot-Savoyard \u00e0 Morillon | Caf\u00e9-H\u00f4tel Le Morillon, Alpes","og_description":"\u00c0 deux pas de l'h\u00f4tel, vous trouverez des restaurants qui vous proposent diff\u00e9rents types de cuisine, sur place ou \u00e0 emporter. D\u00e9couvrez le nouveau caf\u00e9-restaurant de l\u2019H\u00f4tel Le Morillon : lieu vivant du matin au soir, nouvelle terrasse, bar convivial, cuisine maison d'inspiration bouillon et de tradition savoyarde.","og_url":"https:\/\/www.hotellemorillon.com\/en\/services-2\/","og_site_name":"Caf\u00e9-H\u00f4tel Le Morillon","article_modified_time":"2026-01-12T16:17:24+00:00","twitter_card":"summary_large_image","twitter_misc":{"Est. reading time":"5 minutes"},"schema":{"@context":"https:\/\/schema.org","@graph":[{"@type":"WebPage","@id":"https:\/\/www.hotellemorillon.com\/en\/services-2\/","url":"https:\/\/www.hotellemorillon.com\/en\/services-2\/","name":"Bistrot-Savoyard \u00e0 Morillon | Caf\u00e9-H\u00f4tel Le Morillon, Alpes","isPartOf":{"@id":"https:\/\/www.hotellemorillon.com\/en\/#website"},"datePublished":"2025-11-28T15:49:41+00:00","dateModified":"2026-01-12T16:17:24+00:00","description":"\u00c0 deux pas de l'h\u00f4tel, vous trouverez des restaurants qui vous proposent diff\u00e9rents types de cuisine, sur place ou \u00e0 emporter. D\u00e9couvrez le nouveau caf\u00e9-restaurant de l\u2019H\u00f4tel Le Morillon : lieu vivant du matin au soir, nouvelle terrasse, bar convivial, cuisine maison d'inspiration bouillon et de tradition savoyarde.","breadcrumb":{"@id":"https:\/\/www.hotellemorillon.com\/en\/services-2\/#breadcrumb"},"inLanguage":"en-US","potentialAction":[{"@type":"ReadAction","target":["https:\/\/www.hotellemorillon.com\/en\/services-2\/"]}]},{"@type":"BreadcrumbList","@id":"https:\/\/www.hotellemorillon.com\/en\/services-2\/#breadcrumb","itemListElement":[{"@type":"ListItem","position":1,"name":"Home","item":"https:\/\/www.hotellemorillon.com\/en\/"},{"@type":"ListItem","position":2,"name":"Services"}]},{"@type":"WebSite","@id":"https:\/\/www.hotellemorillon.com\/en\/#website","url":"https:\/\/www.hotellemorillon.com\/en\/","name":"Caf\u00e9-H\u00f4tel Le Morillon","description":"","potentialAction":[{"@type":"SearchAction","target":{"@type":"EntryPoint","urlTemplate":"https:\/\/www.hotellemorillon.com\/en\/?s={search_term_string}"},"query-input":{"@type":"PropertyValueSpecification","valueRequired":true,"valueName":"search_term_string"}}],"inLanguage":"en-US"}]}},"_links":{"self":[{"href":"https:\/\/www.hotellemorillon.com\/en\/wp-json\/wp\/v2\/pages\/5201","targetHints":{"allow":["GET"]}}],"collection":[{"href":"https:\/\/www.hotellemorillon.com\/en\/wp-json\/wp\/v2\/pages"}],"about":[{"href":"https:\/\/www.hotellemorillon.com\/en\/wp-json\/wp\/v2\/types\/page"}],"author":[{"embeddable":true,"href":"https:\/\/www.hotellemorillon.com\/en\/wp-json\/wp\/v2\/users\/50"}],"replies":[{"embeddable":true,"href":"https:\/\/www.hotellemorillon.com\/en\/wp-json\/wp\/v2\/comments?post=5201"}],"version-history":[{"count":3,"href":"https:\/\/www.hotellemorillon.com\/en\/wp-json\/wp\/v2\/pages\/5201\/revisions"}],"predecessor-version":[{"id":5206,"href":"https:\/\/www.hotellemorillon.com\/en\/wp-json\/wp\/v2\/pages\/5201\/revisions\/5206"}],"wp:attachment":[{"href":"https:\/\/www.hotellemorillon.com\/en\/wp-json\/wp\/v2\/media?parent=5201"}],"curies":[{"name":"wp","href":"https:\/\/api.w.org\/{rel}","templated":true}]}}